{"id":21864,"date":"2022-05-13T16:00:23","date_gmt":"2022-05-13T19:00:23","guid":{"rendered":"https:\/\/www.azullimao.com.br\/portal\/?page_id=21864"},"modified":"2022-05-13T17:56:32","modified_gmt":"2022-05-13T20:56:32","slug":"guia-telefones-uteis","status":"publish","type":"page","link":"https:\/\/www.azullimao.com.br\/portal\/guia-telefones-uteis\/","title":{"rendered":"> Guia Telefones \u00dateis"},"content":{"rendered":"<p style=\"text-align: center;\"><a href=\"https:\/\/www.azullimao.com.br\/portal\/guia\/\"><img loading=\"lazy\" decoding=\"async\" class=\"alignnone wp-image-18424 size-medium\" src=\"https:\/\/www.azullimao.com.br\/portal\/wp-content\/uploads\/2021\/11\/botao3_menu-300x48.png\" alt=\"\" width=\"300\" height=\"48\" srcset=\"https:\/\/www.azullimao.com.br\/portal\/wp-content\/uploads\/2021\/11\/botao3_menu-300x48.png 300w, https:\/\/www.azullimao.com.br\/portal\/wp-content\/uploads\/2021\/11\/botao3_menu.png 315w\" sizes=\"auto, (max-width: 300px) 100vw, 300px\" \/><\/a><\/p>\n<ul class=\"font_8\">\n<li>Prefeitura Municipal de Maca\u00e9 &#8211; <span class=\"w8qArf\"><br \/>\nAv, Av. Pres. Feliciano Sodr\u00e9, 534 &#8211; Centro, Maca\u00e9 &#8211; RJ,<br \/>\n<\/span><span class=\"LrzXr zdqRlf kno-fv\"><span aria-label=\"Ligar para (22) 2791-9008\">(22) 2791-9008<\/span><br \/>\n&#8212;&#8212;&#8212;&#8212;&#8212;&#8212;&#8212;&#8212;&#8212;&#8212;&#8212;&#8212;&#8212;&#8212;&#8212;&#8212;&#8212;<\/span><\/li>\n<li>Guarda Municipal de Maca\u00e9 &#8211;<br \/>\nAv. Camilo Nogueira da Gama, 2 &#8211; Botafogo, Maca\u00e9 &#8211; RJ,<br \/>\n<span class=\"w8qArf\">\u00a0<\/span><span class=\"LrzXr zdqRlf kno-fv\"><span class=\"LrzXr zdqRlf kno-fv\"><span class=\"LrzXr zdqRlf kno-fv\"><span aria-label=\"Ligar para (22) 2796-1328\">(22) 2796-1328<br \/>\n&#8212;&#8212;&#8212;&#8212;&#8212;&#8212;&#8212;&#8212;&#8212;&#8212;&#8212;&#8212;&#8212;&#8212;&#8212;&#8212;&#8212;<br \/>\n<\/span><\/span><\/span><\/span><\/li>\n<li>Secretaria Municipal Adjunta de Defesa Civil &#8211;<br \/>\nAv. Br\u00e1ulio Gomes de Assis, 342 &#8211; Botafogo, Maca\u00e9 &#8211; RJ,<br \/>\n<span class=\"w8qArf\">\u00a0<\/span><span class=\"LrzXr zdqRlf kno-fv\"><span class=\"LrzXr zdqRlf kno-fv\"><span class=\"LrzXr zdqRlf kno-fv\"><span class=\"LrzXr zdqRlf kno-fv\"><span aria-label=\"Ligar para (22) 2759-2670\">(22) 2759-2670<br \/>\n&#8212;&#8212;&#8212;&#8212;&#8212;&#8212;&#8212;&#8212;&#8212;&#8212;&#8212;&#8212;&#8212;&#8212;&#8212;&#8212;&#8212;<br \/>\n<\/span><\/span><\/span><\/span><\/span><\/li>\n<li>Secretaria adjunta de Obras &#8211;<br \/>\nAv. Camilo Nogueira da Gama, 250 &#8211; Botafogo, Maca\u00e9 &#8211; RJ,<br \/>\n<span aria-label=\"Ligar para (22) 2762-0458\"><span aria-label=\"Ligar para (22) 2762-0458\"><span aria-label=\"Ligar para (22) 2762-0458\"><span aria-label=\"Ligar para (22) 2762-0458\">(22) 2762-0458<br \/>\n<span class=\"LrzXr zdqRlf kno-fv\">&#8212;&#8212;&#8212;&#8212;&#8212;&#8212;&#8212;&#8212;&#8212;&#8212;&#8212;&#8212;&#8212;&#8212;&#8212;&#8212;&#8212;<\/span><br \/>\n<\/span><\/span><\/span><\/span><\/li>\n<li>Centro de Controle de Zoonoses &#8211;<br \/>\nR. Augusto de Carvalho, 101 &#8211; Centro, Maca\u00e9 &#8211; RJ,<br \/>\n<span aria-label=\"Ligar para 0800 022 6461\"><span aria-label=\"Ligar para 0800 022 6461\"><span aria-label=\"Ligar para 0800 022 6461\">0800 022 6461<br \/>\n<span class=\"LrzXr zdqRlf kno-fv\">&#8212;&#8212;&#8212;&#8212;&#8212;&#8212;&#8212;&#8212;&#8212;&#8212;&#8212;&#8212;&#8212;&#8212;&#8212;&#8212;&#8212;<\/span><br \/>\n<\/span><\/span><\/span><\/li>\n<li>DETRAN &#8211; <span class=\"w8qArf\"><br \/>\n<\/span><span class=\"LrzXr zdqRlf kno-fv\"><span aria-label=\"Ligar para (22) 2791-4127\">Av. dos Jesu\u00edtas, s\/n &#8211; Imbetiba, Maca\u00e9 &#8211; RJ,<br \/>\n(22) 2791-4127<br \/>\n&#8212;&#8212;&#8212;&#8212;&#8212;&#8212;&#8212;&#8212;&#8212;&#8212;&#8212;&#8212;&#8212;&#8212;&#8212;&#8212;&#8212;<\/span><br \/>\n<\/span><\/li>\n<li>Secretaria De Sa\u00fade &#8211; <span class=\"w8qArf\"><br \/>\nR. Darc\u00edlio Possati, 134 &#8211; Virgem Santa, Maca\u00e9<br \/>\n<\/span><span class=\"LrzXr zdqRlf kno-fv\"><span aria-label=\"Ligar para (22) 2763-6330\">(22) 2763-6330<br \/>\n&#8212;&#8212;&#8212;&#8212;&#8212;&#8212;&#8212;&#8212;&#8212;&#8212;&#8212;&#8212;&#8212;&#8212;&#8212;&#8212;&#8212;<\/span><br \/>\n<\/span><\/li>\n<li>32\u00ba Batalh\u00e3o de Pol\u00edcia Militar &#8211;<br \/>\nR. Hildebrando Alves Barbosa, s\/n\u00b0 &#8211; Barra de Maca\u00e9, Maca\u00e9 &#8211; RJ<br \/>\n<span class=\"w8qArf\">\u00a0<\/span><span class=\"LrzXr zdqRlf kno-fv\"><span class=\"LrzXr zdqRlf kno-fv\"><span aria-label=\"Ligar para (22) 2772-3190\">(22) 2772-3190<br \/>\n&#8212;&#8212;&#8212;&#8212;&#8212;&#8212;&#8212;&#8212;&#8212;&#8212;&#8212;&#8212;&#8212;&#8212;&#8212;&#8212;&#8212;<br \/>\n<\/span><\/span><\/span><\/li>\n<li>Cart\u00f3rio do 1\u00ba Of\u00edcio de Maca\u00e9 &#8211;<br \/>\nR. Pereira de Souza, 104 &#8211; Centro, Maca\u00e9<br \/>\n<span class=\"w8qArf\">\u00a0<\/span><span class=\"LrzXr zdqRlf kno-fv\"><span aria-label=\"Ligar para (22) 2106-1902\">(22) 2106-1902<br \/>\n&#8212;&#8212;&#8212;&#8212;&#8212;&#8212;&#8212;&#8212;&#8212;&#8212;&#8212;&#8212;&#8212;&#8212;&#8212;&#8212;&#8212;<\/span><br \/>\n<\/span><\/li>\n<li>Defensoria P\u00fablica do Estado do Rio de Janeiro &#8211;<br \/>\nRod. Christino Jos\u00e9 da Silva J\u00fanior, 1.650 &#8211; Virgem Santa, Maca\u00e9 &#8211; RJ<br \/>\n<span aria-label=\"Ligar para (22) 2765-7601\">(22) 2765-7601<br \/>\n<span class=\"LrzXr zdqRlf kno-fv\">&#8212;&#8212;&#8212;&#8212;&#8212;&#8212;&#8212;&#8212;&#8212;&#8212;&#8212;&#8212;&#8212;&#8212;&#8212;&#8212;&#8212;<\/span><br \/>\n<\/span><\/li>\n<li>Delegacia da Receita Federal de Maca\u00e9 &#8211;<br \/>\nR. Dr. Francisco Portela, 569 A &#8211; Centro, Maca\u00e9 &#8211; RJ<br \/>\n<span aria-label=\"Ligar para (22) 2757-5500\">(22) 2757-5500<br \/>\n<span class=\"LrzXr zdqRlf kno-fv\">&#8212;&#8212;&#8212;&#8212;&#8212;&#8212;&#8212;&#8212;&#8212;&#8212;&#8212;&#8212;&#8212;&#8212;&#8212;&#8212;&#8212;<\/span><br \/>\n<\/span><\/li>\n<li>C\u00e2mara Municipal de Maca\u00e9 &#8211;<br \/>\nAvenida Ant\u00f4nio Abreu, Estr. Horto, 1805, Maca\u00e9 &#8211; RJ<br \/>\n<span class=\"w8qArf\">\u00a0<\/span><span class=\"LrzXr zdqRlf kno-fv\"><span aria-label=\"Ligar para (22) 2796-7800\">(22) 2796-7800<br \/>\n&#8212;&#8212;&#8212;&#8212;&#8212;&#8212;&#8212;&#8212;&#8212;&#8212;&#8212;&#8212;&#8212;&#8212;&#8212;&#8212;&#8212;<br \/>\n<\/span><\/span><\/li>\n<li>Correios &#8211;<br \/>\nR. Teixeira de Gouveia, 712 &#8211; Centro, Maca\u00e9 &#8211; RJ<br \/>\n<span aria-label=\"Ligar para 0800 725 0100\">0800 725 0100<br \/>\n<span class=\"LrzXr zdqRlf kno-fv\">&#8212;&#8212;&#8212;&#8212;&#8212;&#8212;&#8212;&#8212;&#8212;&#8212;&#8212;&#8212;&#8212;&#8212;&#8212;&#8212;&#8212;<\/span><br \/>\n<\/span><\/li>\n<li>Corpo de Bombeiros Militar &#8211;<br \/>\nR. Alfredo Backer, 290 &#8211; Centro, Maca\u00e9 &#8211; RJ,<br \/>\n<span class=\"w8qArf\">\u00a0<\/span><span class=\"LrzXr zdqRlf kno-fv\"><span aria-label=\"Ligar para (22) 2762-0193\">(22) 2762-0193<br \/>\n&#8212;&#8212;&#8212;&#8212;&#8212;&#8212;&#8212;&#8212;&#8212;&#8212;&#8212;&#8212;&#8212;&#8212;&#8212;&#8212;&#8212;<br \/>\n<\/span><\/span><\/li>\n<li>1\u00aa Vara do Trabalho de Maca\u00e9 &#8211; <span class=\"w8qArf\"><br \/>\nAv. Nossa Sra. da Gl\u00f3ria, 1181 &#8211; Cavaleiros, Maca\u00e9 &#8211; RJ<br \/>\n<\/span><span class=\"LrzXr zdqRlf kno-fv\"><span aria-label=\"Ligar para (22) 2772-6118\">(22) 2772-6118<br \/>\n&#8212;&#8212;&#8212;&#8212;&#8212;&#8212;&#8212;&#8212;&#8212;&#8212;&#8212;&#8212;&#8212;&#8212;&#8212;&#8212;&#8212;<br \/>\n<\/span><\/span><\/li>\n<li>CREMERJ &#8211; Delegacia de Maca\u00e9 &#8211;<br \/>\nR. Dr. Luiz Bellegard, 68 &#8211; Sala 103 &#8211; Centro, Maca\u00e9 &#8211; RJ<br \/>\n<span class=\"w8qArf\">\u00a0<\/span><span class=\"LrzXr zdqRlf kno-fv\"><span aria-label=\"Ligar para (22) 2772-0535\">(22) 2772-0535<br \/>\n&#8212;&#8212;&#8212;&#8212;&#8212;&#8212;&#8212;&#8212;&#8212;&#8212;&#8212;&#8212;&#8212;&#8212;&#8212;&#8212;&#8212;<br \/>\n<\/span><\/span><\/li>\n<li>Cart\u00f3rio do 3\u00b0 Of\u00edcio de Maca\u00e9 &#8211;<br \/>\nR. Pereira de Souza, 104 &#8211; Centro, Maca\u00e9 &#8211; RJ<br \/>\n<span aria-label=\"Ligar para (22) 2762-9204\">(22) 2762-9204<br \/>\n<span class=\"LrzXr zdqRlf kno-fv\">&#8212;&#8212;&#8212;&#8212;&#8212;&#8212;&#8212;&#8212;&#8212;&#8212;&#8212;&#8212;&#8212;&#8212;&#8212;&#8212;&#8212;<\/span><\/span><\/li>\n<li>Agress\u00e3o \u00e0 mulher<br \/>\nCoordenadoria dos Direitos da Mulher &#8211; 180 \/<br \/>\n(22) 2796-1045<br \/>\n(22) 2791-6620 &#8211;<br \/>\nPatrulha Maria da Penha &#8211; 08002822108<br \/>\n<span class=\"LrzXr zdqRlf kno-fv\">&#8212;&#8212;&#8212;&#8212;&#8212;&#8212;&#8212;&#8212;&#8212;&#8212;&#8212;&#8212;&#8212;&#8212;&#8212;&#8212;&#8212;<\/span><\/li>\n<li>Animais mortos em via p\u00fablica<br \/>\nSecretaria Adjunta de Servi\u00e7os P\u00fablicos &#8211;<br \/>\n(22) 2796-1235<br \/>\n<span class=\"LrzXr zdqRlf kno-fv\">&#8212;&#8212;&#8212;&#8212;&#8212;&#8212;&#8212;&#8212;&#8212;&#8212;&#8212;&#8212;&#8212;&#8212;&#8212;&#8212;&#8212;<\/span><\/li>\n<li>\u00c1rvore ca\u00edda em via p\u00fablica<br \/>\nBombeiros &#8211;<br \/>\n193 \/ (22) 2793-0047<br \/>\n<span class=\"LrzXr zdqRlf kno-fv\">&#8212;&#8212;&#8212;&#8212;&#8212;&#8212;&#8212;&#8212;&#8212;&#8212;&#8212;&#8212;&#8212;&#8212;&#8212;&#8212;&#8212;<\/span><\/li>\n<li>\u00c1rvore ca\u00edda sobre fios el\u00e9tricos<br \/>\nAmpla &#8211;<br \/>\n0800-2800120 \/ (22) 2762-0193<br \/>\n<span class=\"LrzXr zdqRlf kno-fv\">&#8212;&#8212;&#8212;&#8212;&#8212;&#8212;&#8212;&#8212;&#8212;&#8212;&#8212;&#8212;&#8212;&#8212;&#8212;&#8212;&#8212;<\/span><\/li>\n<li>Buracos em via p\u00fablica<br \/>\nSecretaria Adjunta de Servi\u00e7os P\u00fablicos &#8211;<br \/>\n(22) 2772-3373<br \/>\n<span class=\"LrzXr zdqRlf kno-fv\">&#8212;&#8212;&#8212;&#8212;&#8212;&#8212;&#8212;&#8212;&#8212;&#8212;&#8212;&#8212;&#8212;&#8212;&#8212;&#8212;&#8212;<\/span><\/li>\n<li>Constru\u00e7\u00f5es irregulares<br \/>\nSecretaria Adjunta de Obras &#8211;<br \/>\n(22) 2757 &#8211; 6000<br \/>\n<span class=\"LrzXr zdqRlf kno-fv\">&#8212;&#8212;&#8212;&#8212;&#8212;&#8212;&#8212;&#8212;&#8212;&#8212;&#8212;&#8212;&#8212;&#8212;&#8212;&#8212;&#8212;<\/span><\/li>\n<li>Cachorros soltos em via p\u00fablica<br \/>\nCentro de Controle de Zoonoses ( CCZ ) &#8211;<br \/>\n0800 022 6461 \/<br \/>\n(22) 2763-6343 ramais: 2013\/2018\/2019<br \/>\n<span class=\"LrzXr zdqRlf kno-fv\">&#8212;&#8212;&#8212;&#8212;&#8212;&#8212;&#8212;&#8212;&#8212;&#8212;&#8212;&#8212;&#8212;&#8212;&#8212;&#8212;&#8212;<\/span><\/li>\n<li>Dengue<br \/>\nCentro de Controle de Zoonoses (CCZ) &#8211;<br \/>\n0800 022 6461 \/<br \/>\n(22) 2763-6343 ramais: 2013\/2018\/2019<br \/>\nDefesa Civil &#8211; 199<br \/>\n(22) 2765-5528<br \/>\n(22) 2757-2818<br \/>\n(22) 2759-2670<br \/>\n<span class=\"LrzXr zdqRlf kno-fv\">&#8212;&#8212;&#8212;&#8212;&#8212;&#8212;&#8212;&#8212;&#8212;&#8212;&#8212;&#8212;&#8212;&#8212;&#8212;&#8212;&#8212;<\/span><\/li>\n<li>Deslizamento atingindo resid\u00eancia<br \/>\nDefesa Civil &#8211; 199<br \/>\n(22) 2757-4046<br \/>\nBombeiros &#8211; 193<br \/>\n<span class=\"LrzXr zdqRlf kno-fv\">&#8212;&#8212;&#8212;&#8212;&#8212;&#8212;&#8212;&#8212;&#8212;&#8212;&#8212;&#8212;&#8212;&#8212;&#8212;&#8212;&#8212;<\/span><\/li>\n<li>Deslizamento em via p\u00fablica<br \/>\nDefesa Civil &#8211; 199<br \/>\n(22) 2765-5528<br \/>\n(22) 2757-2818<br \/>\n(22) 2759-2670<br \/>\nBombeiros &#8211; 193<br \/>\n<span class=\"LrzXr zdqRlf kno-fv\">&#8212;&#8212;&#8212;&#8212;&#8212;&#8212;&#8212;&#8212;&#8212;&#8212;&#8212;&#8212;&#8212;&#8212;&#8212;&#8212;&#8212;<\/span><\/li>\n<li>Desmatamento<br \/>\nSecretaria de Ambiente e Sustentabilidade &#8211;<br \/>\n(22) 2772-3571<br \/>\n(22) 2772-3597<br \/>\n<span class=\"LrzXr zdqRlf kno-fv\">&#8212;&#8212;&#8212;&#8212;&#8212;&#8212;&#8212;&#8212;&#8212;&#8212;&#8212;&#8212;&#8212;&#8212;&#8212;&#8212;&#8212;<\/span><\/li>\n<li>Destelhamento por vendaval<br \/>\nDefesa Civil &#8211; 199<br \/>\n(22) 2765-5528<br \/>\n(22) 2757-2818<br \/>\n(22) 2759-2670<br \/>\nBombeiros &#8211; 193<br \/>\n(22) 2791-6852<br \/>\n<span class=\"LrzXr zdqRlf kno-fv\">&#8212;&#8212;&#8212;&#8212;&#8212;&#8212;&#8212;&#8212;&#8212;&#8212;&#8212;&#8212;&#8212;&#8212;&#8212;&#8212;&#8212;<\/span><\/li>\n<li>Escava\u00e7\u00f5es irregulares<br \/>\nSecretaria Adjunta de Obras &#8211;<br \/>\n(22) 2772-2270<br \/>\nDefesa Civil &#8211; 199<br \/>\n(22) 2765-5528<br \/>\n(22) 2757-2818<br \/>\n(22) 2759-2670<br \/>\n<span class=\"LrzXr zdqRlf kno-fv\">&#8212;&#8212;&#8212;&#8212;&#8212;&#8212;&#8212;&#8212;&#8212;&#8212;&#8212;&#8212;&#8212;&#8212;&#8212;&#8212;&#8212;<\/span><\/li>\n<li>Explos\u00f5es e detona\u00e7\u00f5es<br \/>\nPol\u00edcia Militar do RJ &#8211; 190<br \/>\nPol\u00edcia Federal &#8211; 2796-8300<br \/>\nEx\u00e9rcito &#8211; (22) 2142-5583<br \/>\n(22) 2772-4127<br \/>\n<span class=\"LrzXr zdqRlf kno-fv\">&#8212;&#8212;&#8212;&#8212;&#8212;&#8212;&#8212;&#8212;&#8212;&#8212;&#8212;&#8212;&#8212;&#8212;&#8212;&#8212;&#8212;<\/span><\/li>\n<li>Falta de higiene bares\/restaurantes<br \/>\nVigil\u00e2ncia Sanit\u00e1ria &#8211;<br \/>\n(22) 2762-0935<br \/>\n(22) 2759-2729<br \/>\n<span class=\"LrzXr zdqRlf kno-fv\">&#8212;&#8212;&#8212;&#8212;&#8212;&#8212;&#8212;&#8212;&#8212;&#8212;&#8212;&#8212;&#8212;&#8212;&#8212;&#8212;&#8212;<\/span><\/li>\n<li>Infesta\u00e7\u00e3o de caramujo africano<br \/>\nSecretaria de Ambiente e Sustentabilidade &#8211;<br \/>\n(22) 2772-3571<br \/>\n(22) 2772-3597<br \/>\n<span class=\"LrzXr zdqRlf kno-fv\">&#8212;&#8212;&#8212;&#8212;&#8212;&#8212;&#8212;&#8212;&#8212;&#8212;&#8212;&#8212;&#8212;&#8212;&#8212;&#8212;&#8212;<\/span><\/li>\n<li>Incidentes com abelhas \/ marimbondos<br \/>\nDefesa Civil &#8211; 199 \/<br \/>\n(22) 2765-5528<br \/>\n(22) 2757-2818<br \/>\n(22) 2759-2670<br \/>\nSecretaria de Ambiente e Sustentabilidade &#8211;<br \/>\n(22) 2772-3571<br \/>\n(22) 2772-3597<br \/>\n<span class=\"LrzXr zdqRlf kno-fv\">&#8212;&#8212;&#8212;&#8212;&#8212;&#8212;&#8212;&#8212;&#8212;&#8212;&#8212;&#8212;&#8212;&#8212;&#8212;&#8212;&#8212;<\/span><\/li>\n<li>Inc\u00eandios diversos<br \/>\nBombeiros &#8211;<br \/>\n193 \/ (22) 2791-6852<br \/>\n<span class=\"LrzXr zdqRlf kno-fv\">&#8212;&#8212;&#8212;&#8212;&#8212;&#8212;&#8212;&#8212;&#8212;&#8212;&#8212;&#8212;&#8212;&#8212;&#8212;&#8212;&#8212;<\/span><\/li>\n<li>Invas\u00e3o de \u00e1reas p\u00fablicas<br \/>\nDefesa Civil &#8211; 199<br \/>\n<span class=\"LrzXr zdqRlf kno-fv\">&#8212;&#8212;&#8212;&#8212;&#8212;&#8212;&#8212;&#8212;&#8212;&#8212;&#8212;&#8212;&#8212;&#8212;&#8212;&#8212;&#8212;<\/span><\/li>\n<li>Ilumina\u00e7\u00e3o P\u00fablica<br \/>\nCoordenadoria de Ilumina\u00e7\u00e3o P\u00fablica &#8211;<br \/>\n(22) 2796-1114<br \/>\n(22) 2759-0783<br \/>\n<span class=\"LrzXr zdqRlf kno-fv\">&#8212;&#8212;&#8212;&#8212;&#8212;&#8212;&#8212;&#8212;&#8212;&#8212;&#8212;&#8212;&#8212;&#8212;&#8212;&#8212;&#8212;<\/span><\/li>\n<li>Polui\u00e7\u00e3o sonora<br \/>\nSecretaria de Ambiente e Sustentabilidade &#8211;<br \/>\n(22) 2772-3571 \/ 2772 &#8211; 3597<br \/>\n<span class=\"LrzXr zdqRlf kno-fv\">&#8212;&#8212;&#8212;&#8212;&#8212;&#8212;&#8212;&#8212;&#8212;&#8212;&#8212;&#8212;&#8212;&#8212;&#8212;&#8212;&#8212;<\/span><\/li>\n<li>Postes ca\u00eddos\/falta de energia el\u00e9trica<br \/>\nEnel &#8211; 08002800120<br \/>\n(22) 2762-0193<br \/>\n<span class=\"LrzXr zdqRlf kno-fv\">&#8212;&#8212;&#8212;&#8212;&#8212;&#8212;&#8212;&#8212;&#8212;&#8212;&#8212;&#8212;&#8212;&#8212;&#8212;&#8212;&#8212;<\/span><\/li>\n<li>Problemas com a rede d\u00b4\u00e1gua<br \/>\nCedae &#8211; 2791-5657<br \/>\n<span class=\"LrzXr zdqRlf kno-fv\">&#8212;&#8212;&#8212;&#8212;&#8212;&#8212;&#8212;&#8212;&#8212;&#8212;&#8212;&#8212;&#8212;&#8212;&#8212;&#8212;&#8212;<\/span><\/li>\n<li>Problemas envolvendo crian\u00e7as ou adolescentes<br \/>\nConselho Tutelar \/ Sec. Exec. de Inf\u00e2ncia e Juventude &#8211;<br \/>\n100 \/ (22) 2762-9971<br \/>\n(22) 2762-0405<br \/>\n<span class=\"LrzXr zdqRlf kno-fv\">&#8212;&#8212;&#8212;&#8212;&#8212;&#8212;&#8212;&#8212;&#8212;&#8212;&#8212;&#8212;&#8212;&#8212;&#8212;&#8212;&#8212;<\/span><\/li>\n<li>Problemas envolvendo idosos<br \/>\nConselho Municipal do Idoso &#8211;<br \/>\n(22) 2765-0593<br \/>\n<span class=\"LrzXr zdqRlf kno-fv\">&#8212;&#8212;&#8212;&#8212;&#8212;&#8212;&#8212;&#8212;&#8212;&#8212;&#8212;&#8212;&#8212;&#8212;&#8212;&#8212;&#8212;<\/span><\/li>\n<li>Quedas de pontes<br \/>\nDefesa Civil &#8211; 199<br \/>\n(22) 2765-5528<br \/>\n(22) 2757-2818<br \/>\n(22) 2759-2670<br \/>\n<span class=\"LrzXr zdqRlf kno-fv\">&#8212;&#8212;&#8212;&#8212;&#8212;&#8212;&#8212;&#8212;&#8212;&#8212;&#8212;&#8212;&#8212;&#8212;&#8212;&#8212;&#8212;<\/span><\/li>\n<li>Queimadas (Inc\u00eandio Florestal)<br \/>\nBombeiros &#8211; 193<br \/>\n(22) 2791-6852<br \/>\n<span class=\"LrzXr zdqRlf kno-fv\">&#8212;&#8212;&#8212;&#8212;&#8212;&#8212;&#8212;&#8212;&#8212;&#8212;&#8212;&#8212;&#8212;&#8212;&#8212;&#8212;&#8212;<\/span><\/li>\n<li>Rede de drenagem entupida<br \/>\nSecretaria Adjunta de Servi\u00e7os P\u00fablicos &#8211;<br \/>\n(22) 2796-1235<br \/>\n<span class=\"LrzXr zdqRlf kno-fv\">&#8212;&#8212;&#8212;&#8212;&#8212;&#8212;&#8212;&#8212;&#8212;&#8212;&#8212;&#8212;&#8212;&#8212;&#8212;&#8212;&#8212;<\/span><\/li>\n<li>Rede de esgoto entupida<br \/>\nSecretaria Adjunta de Saneamento &#8211;<br \/>\n(22) 2796-1235<br \/>\n<span class=\"LrzXr zdqRlf kno-fv\">&#8212;&#8212;&#8212;&#8212;&#8212;&#8212;&#8212;&#8212;&#8212;&#8212;&#8212;&#8212;&#8212;&#8212;&#8212;&#8212;&#8212;<\/span><\/li>\n<\/ul>\n","protected":false},"excerpt":{"rendered":"<p>Prefeitura Municipal de Maca\u00e9 &#8211; Av, Av. Pres. Feliciano Sodr\u00e9, 534 &#8211; Centro, Maca\u00e9 &#8211; RJ, (22) 2791-9008 &#8212;&#8212;&#8212;&#8212;&#8212;&#8212;&#8212;&#8212;&#8212;&#8212;&#8212;&#8212;&#8212;&#8212;&#8212;&#8212;&#8212; Guarda<\/p>\n","protected":false},"author":7,"featured_media":0,"parent":0,"menu_order":0,"comment_status":"closed","ping_status":"closed","template":"","meta":{"footnotes":""},"class_list":["post-21864","page","type-page","status-publish","hentry"],"_links":{"self":[{"href":"https:\/\/www.azullimao.com.br\/portal\/wp-json\/wp\/v2\/pages\/21864","targetHints":{"allow":["GET"]}}],"collection":[{"href":"https:\/\/www.azullimao.com.br\/portal\/wp-json\/wp\/v2\/pages"}],"about":[{"href":"https:\/\/www.azullimao.com.br\/portal\/wp-json\/wp\/v2\/types\/page"}],"author":[{"embeddable":true,"href":"https:\/\/www.azullimao.com.br\/portal\/wp-json\/wp\/v2\/users\/7"}],"replies":[{"embeddable":true,"href":"https:\/\/www.azullimao.com.br\/portal\/wp-json\/wp\/v2\/comments?post=21864"}],"version-history":[{"count":54,"href":"https:\/\/www.azullimao.com.br\/portal\/wp-json\/wp\/v2\/pages\/21864\/revisions"}],"predecessor-version":[{"id":21922,"href":"https:\/\/www.azullimao.com.br\/portal\/wp-json\/wp\/v2\/pages\/21864\/revisions\/21922"}],"wp:attachment":[{"href":"https:\/\/www.azullimao.com.br\/portal\/wp-json\/wp\/v2\/media?parent=21864"}],"curies":[{"name":"wp","href":"https:\/\/api.w.org\/{rel}","templated":true}]}}