{"id":20914,"date":"2022-03-02T15:42:11","date_gmt":"2022-03-02T18:42:11","guid":{"rendered":"https:\/\/www.azullimao.com.br\/portal\/?page_id=20914"},"modified":"2025-07-17T11:23:56","modified_gmt":"2025-07-17T14:23:56","slug":"gloria-market","status":"publish","type":"page","link":"https:\/\/www.azullimao.com.br\/portal\/gloria-market\/","title":{"rendered":">> Gl\u00f3ria Market"},"content":{"rendered":"<p style=\"text-align: center;\"><a href=\"https:\/\/www.azullimao.com.br\/portal\/guia\/\"><img loading=\"lazy\" decoding=\"async\" class=\"alignnone wp-image-18424 size-medium\" src=\"https:\/\/www.azullimao.com.br\/portal\/wp-content\/uploads\/2021\/11\/botao3_menu-300x48.png\" alt=\"\" width=\"300\" height=\"48\" srcset=\"https:\/\/www.azullimao.com.br\/portal\/wp-content\/uploads\/2021\/11\/botao3_menu-300x48.png 300w, https:\/\/www.azullimao.com.br\/portal\/wp-content\/uploads\/2021\/11\/botao3_menu.png 315w\" sizes=\"auto, (max-width: 300px) 100vw, 300px\" \/><\/a><br \/>\n<img loading=\"lazy\" decoding=\"async\" class=\"alignnone wp-image-20924 size-full\" src=\"https:\/\/www.azullimao.com.br\/portal\/wp-content\/uploads\/2022\/03\/gloria_market_banner.png\" alt=\"\" width=\"540\" height=\"540\" srcset=\"https:\/\/www.azullimao.com.br\/portal\/wp-content\/uploads\/2022\/03\/gloria_market_banner.png 540w, https:\/\/www.azullimao.com.br\/portal\/wp-content\/uploads\/2022\/03\/gloria_market_banner-300x300.png 300w, https:\/\/www.azullimao.com.br\/portal\/wp-content\/uploads\/2022\/03\/gloria_market_banner-150x150.png 150w\" sizes=\"auto, (max-width: 540px) 100vw, 540px\" \/><br \/>\n<strong>R. Jo\u00e3o Batista da Silva Lessa, 16<br \/>\nGl\u00f3ria, Maca\u00e9 &#8211; RJ<\/strong><\/p>\n<p style=\"text-align: center;\"><a href=\"https:\/\/api.whatsapp.com\/send?phone=5522998001430\"><img loading=\"lazy\" decoding=\"async\" class=\"alignnone wp-image-16706\" src=\"https:\/\/www.azullimao.com.br\/portal\/wp-content\/uploads\/2020\/05\/pin_whatsapp.png\" alt=\"\" width=\"70\" height=\"70\" srcset=\"https:\/\/www.azullimao.com.br\/portal\/wp-content\/uploads\/2020\/05\/pin_whatsapp.png 171w, https:\/\/www.azullimao.com.br\/portal\/wp-content\/uploads\/2020\/05\/pin_whatsapp-150x150.png 150w\" sizes=\"auto, (max-width: 70px) 100vw, 70px\" \/><\/a> <a href=\"tel:22998001430\"><img loading=\"lazy\" decoding=\"async\" class=\"alignnone wp-image-16775\" src=\"https:\/\/www.azullimao.com.br\/portal\/wp-content\/uploads\/2020\/05\/pin_tel.png\" alt=\"\" width=\"70\" height=\"70\" srcset=\"https:\/\/www.azullimao.com.br\/portal\/wp-content\/uploads\/2020\/05\/pin_tel.png 171w, https:\/\/www.azullimao.com.br\/portal\/wp-content\/uploads\/2020\/05\/pin_tel-150x150.png 150w\" sizes=\"auto, (max-width: 70px) 100vw, 70px\" \/><\/a> <a href=\"https:\/\/www.instagram.com\/gloriamarketmacae\/\"><img loading=\"lazy\" decoding=\"async\" class=\"alignnone wp-image-28011\" src=\"https:\/\/www.azullimao.com.br\/portal\/wp-content\/uploads\/2025\/07\/pin_instagram.png\" alt=\"\" width=\"70\" height=\"70\" srcset=\"https:\/\/www.azullimao.com.br\/portal\/wp-content\/uploads\/2025\/07\/pin_instagram.png 171w, https:\/\/www.azullimao.com.br\/portal\/wp-content\/uploads\/2025\/07\/pin_instagram-150x150.png 150w\" sizes=\"auto, (max-width: 70px) 100vw, 70px\" \/><\/a>\u00a0<a href=\"https:\/\/goo.gl\/maps\/xU66pTn3TmFVoX5j9\"><img loading=\"lazy\" decoding=\"async\" class=\"alignnone wp-image-18495\" src=\"https:\/\/www.azullimao.com.br\/portal\/wp-content\/uploads\/2021\/11\/pin_mapas2.png\" alt=\"\" width=\"68\" height=\"68\" srcset=\"https:\/\/www.azullimao.com.br\/portal\/wp-content\/uploads\/2021\/11\/pin_mapas2.png 171w, https:\/\/www.azullimao.com.br\/portal\/wp-content\/uploads\/2021\/11\/pin_mapas2-150x150.png 150w\" sizes=\"auto, (max-width: 68px) 100vw, 68px\" \/><\/a><\/p>\n","protected":false},"excerpt":{"rendered":"<p>R. Jo\u00e3o Batista da Silva Lessa, 16 Gl\u00f3ria, Maca\u00e9 &#8211; RJ \u00a0<\/p>\n","protected":false},"author":7,"featured_media":0,"parent":0,"menu_order":0,"comment_status":"closed","ping_status":"closed","template":"","meta":{"footnotes":""},"class_list":["post-20914","page","type-page","status-publish","hentry"],"_links":{"self":[{"href":"https:\/\/www.azullimao.com.br\/portal\/wp-json\/wp\/v2\/pages\/20914","targetHints":{"allow":["GET"]}}],"collection":[{"href":"https:\/\/www.azullimao.com.br\/portal\/wp-json\/wp\/v2\/pages"}],"about":[{"href":"https:\/\/www.azullimao.com.br\/portal\/wp-json\/wp\/v2\/types\/page"}],"author":[{"embeddable":true,"href":"https:\/\/www.azullimao.com.br\/portal\/wp-json\/wp\/v2\/users\/7"}],"replies":[{"embeddable":true,"href":"https:\/\/www.azullimao.com.br\/portal\/wp-json\/wp\/v2\/comments?post=20914"}],"version-history":[{"count":13,"href":"https:\/\/www.azullimao.com.br\/portal\/wp-json\/wp\/v2\/pages\/20914\/revisions"}],"predecessor-version":[{"id":28013,"href":"https:\/\/www.azullimao.com.br\/portal\/wp-json\/wp\/v2\/pages\/20914\/revisions\/28013"}],"wp:attachment":[{"href":"https:\/\/www.azullimao.com.br\/portal\/wp-json\/wp\/v2\/media?parent=20914"}],"curies":[{"name":"wp","href":"https:\/\/api.w.org\/{rel}","templated":true}]}}