{"id":20702,"date":"2022-02-18T08:37:02","date_gmt":"2022-02-18T11:37:02","guid":{"rendered":"https:\/\/www.azullimao.com.br\/portal\/?page_id=20702"},"modified":"2022-02-18T09:03:38","modified_gmt":"2022-02-18T12:03:38","slug":"vr-info-sobre","status":"publish","type":"page","link":"https:\/\/www.azullimao.com.br\/portal\/vr-info-sobre\/","title":{"rendered":">> VR Info &#8211; Sobre"},"content":{"rendered":"<p style=\"text-align: center;\"><a href=\"https:\/\/www.azullimao.com.br\/portal\/vr-informatica\/\"><img loading=\"lazy\" decoding=\"async\" class=\"alignnone wp-image-20703 size-full\" src=\"https:\/\/www.azullimao.com.br\/portal\/wp-content\/uploads\/2022\/02\/botao3_voltar.png\" alt=\"\" width=\"315\" height=\"50\" srcset=\"https:\/\/www.azullimao.com.br\/portal\/wp-content\/uploads\/2022\/02\/botao3_voltar.png 315w, https:\/\/www.azullimao.com.br\/portal\/wp-content\/uploads\/2022\/02\/botao3_voltar-300x48.png 300w\" sizes=\"auto, (max-width: 315px) 100vw, 315px\" \/><\/a><br \/>\n<img loading=\"lazy\" decoding=\"async\" class=\"alignnone wp-image-20710 size-full\" src=\"https:\/\/www.azullimao.com.br\/portal\/wp-content\/uploads\/2022\/02\/vr_informatica_banner2.png\" alt=\"\" width=\"540\" height=\"540\" srcset=\"https:\/\/www.azullimao.com.br\/portal\/wp-content\/uploads\/2022\/02\/vr_informatica_banner2.png 540w, https:\/\/www.azullimao.com.br\/portal\/wp-content\/uploads\/2022\/02\/vr_informatica_banner2-300x300.png 300w, https:\/\/www.azullimao.com.br\/portal\/wp-content\/uploads\/2022\/02\/vr_informatica_banner2-150x150.png 150w\" sizes=\"auto, (max-width: 540px) 100vw, 540px\" \/><\/p>\n<p style=\"text-align: center;\"><img loading=\"lazy\" decoding=\"async\" class=\"alignnone wp-image-20714 size-full\" src=\"https:\/\/www.azullimao.com.br\/portal\/wp-content\/uploads\/2022\/02\/vr_informatica_banner5.png\" alt=\"\" width=\"540\" height=\"334\" srcset=\"https:\/\/www.azullimao.com.br\/portal\/wp-content\/uploads\/2022\/02\/vr_informatica_banner5.png 540w, https:\/\/www.azullimao.com.br\/portal\/wp-content\/uploads\/2022\/02\/vr_informatica_banner5-300x186.png 300w\" sizes=\"auto, (max-width: 540px) 100vw, 540px\" \/><\/p>\n<p><img loading=\"lazy\" decoding=\"async\" class=\"alignnone wp-image-20711 size-full aligncenter\" src=\"https:\/\/www.azullimao.com.br\/portal\/wp-content\/uploads\/2022\/02\/vr_informatica_banner3.png\" alt=\"\" width=\"540\" height=\"540\" srcset=\"https:\/\/www.azullimao.com.br\/portal\/wp-content\/uploads\/2022\/02\/vr_informatica_banner3.png 540w, https:\/\/www.azullimao.com.br\/portal\/wp-content\/uploads\/2022\/02\/vr_informatica_banner3-300x300.png 300w, https:\/\/www.azullimao.com.br\/portal\/wp-content\/uploads\/2022\/02\/vr_informatica_banner3-150x150.png 150w\" sizes=\"auto, (max-width: 540px) 100vw, 540px\" \/><\/p>\n<p style=\"text-align: center;\"><strong><br \/>\n<img loading=\"lazy\" decoding=\"async\" class=\"alignnone wp-image-20712 size-full\" src=\"https:\/\/www.azullimao.com.br\/portal\/wp-content\/uploads\/2022\/02\/vr_informatica_banner4.png\" alt=\"\" width=\"540\" height=\"540\" srcset=\"https:\/\/www.azullimao.com.br\/portal\/wp-content\/uploads\/2022\/02\/vr_informatica_banner4.png 540w, https:\/\/www.azullimao.com.br\/portal\/wp-content\/uploads\/2022\/02\/vr_informatica_banner4-300x300.png 300w, https:\/\/www.azullimao.com.br\/portal\/wp-content\/uploads\/2022\/02\/vr_informatica_banner4-150x150.png 150w\" sizes=\"auto, (max-width: 540px) 100vw, 540px\" \/><br \/>\n<\/strong><\/p>\n<div class=\" qF0y9 Igw0E IwRSH eGOV_ _4EzTm \">\n<div class=\"_7UhW9 vy6Bb MMzan _0PwGv uL8Hv T0kll \" style=\"text-align: center;\"><strong>Empresa de inform\u00e1tica<\/strong><\/div>\n<\/div>\n<div class=\"_7UhW9 vy6Bb MMzan KV-D4 uL8Hv T0kll \" style=\"text-align: center;\"><a class=\" xil3i\" tabindex=\"0\" href=\"https:\/\/www.instagram.com\/explore\/tags\/notebook\/\">#Notebook<\/a>\u00a0<a class=\" xil3i\" tabindex=\"0\" href=\"https:\/\/www.instagram.com\/explore\/tags\/desktop\/\">#Desktop<\/a>\u00a0<a class=\" xil3i\" tabindex=\"0\" href=\"https:\/\/www.instagram.com\/explore\/tags\/allinone\/\">#AllinOne<\/a>\u00a0<a class=\" xil3i\" tabindex=\"0\" href=\"https:\/\/www.instagram.com\/explore\/tags\/ultrabook\/\">#Ultrabook<\/a><br \/>\n<a class=\" xil3i\" tabindex=\"0\" href=\"https:\/\/www.instagram.com\/explore\/tags\/macbook\/\">#Macbook<\/a>\u00a0<a class=\" xil3i\" tabindex=\"0\" href=\"https:\/\/www.instagram.com\/explore\/tags\/netbook\/\">#Netbook<\/a><br \/>\nVisita e or\u00e7amento gr\u00e1tis!<br \/>\n<strong>Maca\u00e9\/RJ<\/strong><\/div>\n<p style=\"text-align: center;\"><a href=\"http:\/\/api.whatsapp.com\/send?1=pt_BR&amp;phone=5522998682689.\"><img loading=\"lazy\" decoding=\"async\" class=\"alignnone wp-image-16706\" src=\"https:\/\/www.azullimao.com.br\/portal\/wp-content\/uploads\/2020\/05\/pin_whatsapp.png\" alt=\"\" width=\"70\" height=\"70\" srcset=\"https:\/\/www.azullimao.com.br\/portal\/wp-content\/uploads\/2020\/05\/pin_whatsapp.png 171w, https:\/\/www.azullimao.com.br\/portal\/wp-content\/uploads\/2020\/05\/pin_whatsapp-150x150.png 150w\" sizes=\"auto, (max-width: 70px) 100vw, 70px\" \/><\/a> <a href=\"tel:22998682689\"><img loading=\"lazy\" decoding=\"async\" class=\"alignnone wp-image-16775\" src=\"https:\/\/www.azullimao.com.br\/portal\/wp-content\/uploads\/2020\/05\/pin_tel.png\" alt=\"\" width=\"70\" height=\"70\" srcset=\"https:\/\/www.azullimao.com.br\/portal\/wp-content\/uploads\/2020\/05\/pin_tel.png 171w, https:\/\/www.azullimao.com.br\/portal\/wp-content\/uploads\/2020\/05\/pin_tel-150x150.png 150w\" sizes=\"auto, (max-width: 70px) 100vw, 70px\" \/><\/a> <a href=\"https:\/\/www.instagram.com\/informatica.macae\"><img loading=\"lazy\" decoding=\"async\" class=\"alignnone wp-image-16707\" src=\"https:\/\/www.azullimao.com.br\/portal\/wp-content\/uploads\/2020\/05\/pin_instagram.png\" alt=\"\" width=\"70\" height=\"70\" srcset=\"https:\/\/www.azullimao.com.br\/portal\/wp-content\/uploads\/2020\/05\/pin_instagram.png 171w, https:\/\/www.azullimao.com.br\/portal\/wp-content\/uploads\/2020\/05\/pin_instagram-150x150.png 150w\" sizes=\"auto, (max-width: 70px) 100vw, 70px\" \/><\/a> <a href=\"https:\/\/www.azullimao.com.br\/portal\/vr-info-sobre\/\"><img loading=\"lazy\" decoding=\"async\" class=\"alignnone wp-image-20696\" src=\"https:\/\/www.azullimao.com.br\/portal\/wp-content\/uploads\/2022\/02\/pin_sobre.png\" alt=\"\" width=\"70\" height=\"69\" srcset=\"https:\/\/www.azullimao.com.br\/portal\/wp-content\/uploads\/2022\/02\/pin_sobre.png 169w, https:\/\/www.azullimao.com.br\/portal\/wp-content\/uploads\/2022\/02\/pin_sobre-150x150.png 150w\" sizes=\"auto, (max-width: 70px) 100vw, 70px\" \/><\/a><\/p>\n","protected":false},"excerpt":{"rendered":"<p>Empresa de inform\u00e1tica #Notebook\u00a0#Desktop\u00a0#AllinOne\u00a0#Ultrabook #Macbook\u00a0#Netbook Visita e or\u00e7amento gr\u00e1tis! Maca\u00e9\/RJ<\/p>\n","protected":false},"author":7,"featured_media":0,"parent":0,"menu_order":0,"comment_status":"closed","ping_status":"closed","template":"","meta":{"footnotes":""},"class_list":["post-20702","page","type-page","status-publish","hentry"],"_links":{"self":[{"href":"https:\/\/www.azullimao.com.br\/portal\/wp-json\/wp\/v2\/pages\/20702","targetHints":{"allow":["GET"]}}],"collection":[{"href":"https:\/\/www.azullimao.com.br\/portal\/wp-json\/wp\/v2\/pages"}],"about":[{"href":"https:\/\/www.azullimao.com.br\/portal\/wp-json\/wp\/v2\/types\/page"}],"author":[{"embeddable":true,"href":"https:\/\/www.azullimao.com.br\/portal\/wp-json\/wp\/v2\/users\/7"}],"replies":[{"embeddable":true,"href":"https:\/\/www.azullimao.com.br\/portal\/wp-json\/wp\/v2\/comments?post=20702"}],"version-history":[{"count":10,"href":"https:\/\/www.azullimao.com.br\/portal\/wp-json\/wp\/v2\/pages\/20702\/revisions"}],"predecessor-version":[{"id":20725,"href":"https:\/\/www.azullimao.com.br\/portal\/wp-json\/wp\/v2\/pages\/20702\/revisions\/20725"}],"wp:attachment":[{"href":"https:\/\/www.azullimao.com.br\/portal\/wp-json\/wp\/v2\/media?parent=20702"}],"curies":[{"name":"wp","href":"https:\/\/api.w.org\/{rel}","templated":true}]}}