{"id":20084,"date":"2022-01-06T11:58:04","date_gmt":"2022-01-06T14:58:04","guid":{"rendered":"https:\/\/www.azullimao.com.br\/portal\/?page_id=20084"},"modified":"2022-01-06T12:00:15","modified_gmt":"2022-01-06T15:00:15","slug":"atacadao-macae","status":"publish","type":"page","link":"https:\/\/www.azullimao.com.br\/portal\/atacadao-macae\/","title":{"rendered":">> Atacad\u00e3o Maca\u00e9"},"content":{"rendered":"<p style=\"text-align: center;\"><a href=\"https:\/\/www.azullimao.com.br\/portal\/guia\/\"><img loading=\"lazy\" decoding=\"async\" class=\"alignnone wp-image-18424 size-medium\" src=\"https:\/\/www.azullimao.com.br\/portal\/wp-content\/uploads\/2021\/11\/botao3_menu-300x48.png\" alt=\"\" width=\"300\" height=\"48\" srcset=\"https:\/\/www.azullimao.com.br\/portal\/wp-content\/uploads\/2021\/11\/botao3_menu-300x48.png 300w, https:\/\/www.azullimao.com.br\/portal\/wp-content\/uploads\/2021\/11\/botao3_menu.png 315w\" sizes=\"auto, (max-width: 300px) 100vw, 300px\" \/><\/a><br \/>\n<img loading=\"lazy\" decoding=\"async\" class=\"alignnone wp-image-20085 size-full\" src=\"https:\/\/www.azullimao.com.br\/portal\/wp-content\/uploads\/2022\/01\/atacadao.png\" alt=\"\" width=\"500\" height=\"202\" srcset=\"https:\/\/www.azullimao.com.br\/portal\/wp-content\/uploads\/2022\/01\/atacadao.png 500w, https:\/\/www.azullimao.com.br\/portal\/wp-content\/uploads\/2022\/01\/atacadao-300x121.png 300w\" sizes=\"auto, (max-width: 500px) 100vw, 500px\" \/><\/p>\n<p style=\"text-align: center;\">Rodovia Amaral Peixoto RJ-106, 106 &#8211;<br \/>\nS\u00e3o Jos\u00e9 do Barreto, Maca\u00e9 &#8211; RJ<br \/>\n<a href=\"tel:2227967225\"><img loading=\"lazy\" decoding=\"async\" class=\"alignnone wp-image-16775\" src=\"https:\/\/www.azullimao.com.br\/portal\/wp-content\/uploads\/2020\/05\/pin_tel.png\" alt=\"\" width=\"60\" height=\"60\" srcset=\"https:\/\/www.azullimao.com.br\/portal\/wp-content\/uploads\/2020\/05\/pin_tel.png 171w, https:\/\/www.azullimao.com.br\/portal\/wp-content\/uploads\/2020\/05\/pin_tel-150x150.png 150w\" sizes=\"auto, (max-width: 60px) 100vw, 60px\" \/><\/a> \u00a0<a href=\"https:\/\/goo.gl\/maps\/FJtEqufmMWWheVac7\"><img loading=\"lazy\" decoding=\"async\" class=\"alignnone wp-image-18495\" src=\"https:\/\/www.azullimao.com.br\/portal\/wp-content\/uploads\/2021\/11\/pin_mapas2.png\" alt=\"\" width=\"60\" height=\"60\" srcset=\"https:\/\/www.azullimao.com.br\/portal\/wp-content\/uploads\/2021\/11\/pin_mapas2.png 171w, https:\/\/www.azullimao.com.br\/portal\/wp-content\/uploads\/2021\/11\/pin_mapas2-150x150.png 150w\" sizes=\"auto, (max-width: 60px) 100vw, 60px\" \/><\/a><\/p>\n","protected":false},"excerpt":{"rendered":"<p>Rodovia Amaral Peixoto RJ-106, 106 &#8211; S\u00e3o Jos\u00e9 do Barreto, Maca\u00e9 &#8211; RJ \u00a0<\/p>\n","protected":false},"author":7,"featured_media":0,"parent":0,"menu_order":0,"comment_status":"closed","ping_status":"closed","template":"","meta":{"footnotes":""},"class_list":["post-20084","page","type-page","status-publish","hentry"],"_links":{"self":[{"href":"https:\/\/www.azullimao.com.br\/portal\/wp-json\/wp\/v2\/pages\/20084","targetHints":{"allow":["GET"]}}],"collection":[{"href":"https:\/\/www.azullimao.com.br\/portal\/wp-json\/wp\/v2\/pages"}],"about":[{"href":"https:\/\/www.azullimao.com.br\/portal\/wp-json\/wp\/v2\/types\/page"}],"author":[{"embeddable":true,"href":"https:\/\/www.azullimao.com.br\/portal\/wp-json\/wp\/v2\/users\/7"}],"replies":[{"embeddable":true,"href":"https:\/\/www.azullimao.com.br\/portal\/wp-json\/wp\/v2\/comments?post=20084"}],"version-history":[{"count":4,"href":"https:\/\/www.azullimao.com.br\/portal\/wp-json\/wp\/v2\/pages\/20084\/revisions"}],"predecessor-version":[{"id":20090,"href":"https:\/\/www.azullimao.com.br\/portal\/wp-json\/wp\/v2\/pages\/20084\/revisions\/20090"}],"wp:attachment":[{"href":"https:\/\/www.azullimao.com.br\/portal\/wp-json\/wp\/v2\/media?parent=20084"}],"curies":[{"name":"wp","href":"https:\/\/api.w.org\/{rel}","templated":true}]}}